{"id":688,"date":"2026-03-25T02:16:05","date_gmt":"2026-03-25T02:16:05","guid":{"rendered":"https:\/\/greenstorytelling.dk\/?page_id=688"},"modified":"2026-03-30T13:16:55","modified_gmt":"2026-03-30T13:16:55","slug":"dk","status":"publish","type":"page","link":"https:\/\/greenstorytelling.dk\/?page_id=688","title":{"rendered":"dk"},"content":{"rendered":"\t\t<div data-elementor-type=\"wp-page\" data-elementor-id=\"688\" class=\"elementor elementor-688\">\n\t\t\t\t<div class=\"elementor-element elementor-element-7be51a2 e-con-full e-flex e-con e-parent\" data-id=\"7be51a2\" data-element_type=\"container\" data-e-type=\"container\" data-settings=\"{&quot;background_background&quot;:&quot;classic&quot;}\">\n\t\t\t\t<div class=\"elementor-element elementor-element-a78bbef elementor-button-info elementor-align-right animated-slow elementor-invisible elementor-widget elementor-widget-button\" data-id=\"a78bbef\" data-element_type=\"widget\" data-e-type=\"widget\" data-settings=\"{&quot;_animation&quot;:&quot;fadeInUp&quot;,&quot;_animation_delay&quot;:300}\" data-widget_type=\"button.default\">\n\t\t\t\t\t\t\t\t\t\t<a class=\"elementor-button elementor-button-link elementor-size-sm elementor-animation-grow\" href=\"http:\/\/greenstorytelling.dk\">\n\t\t\t\t\t\t<span class=\"elementor-button-content-wrapper\">\n\t\t\t\t\t\t\t\t\t<span class=\"elementor-button-text\">EN<\/span>\n\t\t\t\t\t<\/span>\n\t\t\t\t\t<\/a>\n\t\t\t\t\t\t\t\t<\/div>\n\t\t\t\t<div class=\"elementor-element elementor-element-4275de3 elementor-widget elementor-widget-spacer\" data-id=\"4275de3\" data-element_type=\"widget\" data-e-type=\"widget\" data-widget_type=\"spacer.default\">\n\t\t\t\t\t\t\t<div class=\"elementor-spacer\">\n\t\t\t<div class=\"elementor-spacer-inner\"><\/div>\n\t\t<\/div>\n\t\t\t\t\t\t<\/div>\n\t\t\t\t<div class=\"elementor-element elementor-element-e727cf5 animated-slow elementor-invisible elementor-widget elementor-widget-text-editor\" data-id=\"e727cf5\" data-element_type=\"widget\" data-e-type=\"widget\" data-settings=\"{&quot;_animation&quot;:&quot;fadeInUp&quot;,&quot;_animation_delay&quot;:300}\" data-widget_type=\"text-editor.default\">\n\t\t\t\t\t\t\t\t\tGreen <br>\n\n<span style=\"color: #d97524;\">Story<\/span>telling\t\t\t\t\t\t\t\t<\/div>\n\t\t\t\t<div class=\"elementor-element elementor-element-4734cd3 animated-slow elementor-invisible elementor-widget elementor-widget-text-editor\" data-id=\"4734cd3\" data-element_type=\"widget\" data-e-type=\"widget\" data-settings=\"{&quot;_animation&quot;:&quot;fadeInUp&quot;,&quot;_animation_delay&quot;:600}\" data-widget_type=\"text-editor.default\">\n\t\t\t\t\t\t\t\t\t<p>klar til at udfordre den gamle fort\u00e6lling?<\/p>\t\t\t\t\t\t\t\t<\/div>\n\t\t\t\t<div class=\"elementor-element elementor-element-b952ec6 elementor-widget elementor-widget-spacer\" data-id=\"b952ec6\" data-element_type=\"widget\" data-e-type=\"widget\" data-widget_type=\"spacer.default\">\n\t\t\t\t\t\t\t<div class=\"elementor-spacer\">\n\t\t\t<div class=\"elementor-spacer-inner\"><\/div>\n\t\t<\/div>\n\t\t\t\t\t\t<\/div>\n\t\t\t\t<div class=\"elementor-element elementor-element-f9ff851 elementor-widget__width-inherit elementor-widget elementor-widget-html\" data-id=\"f9ff851\" data-element_type=\"widget\" data-e-type=\"widget\" data-widget_type=\"html.default\">\n\t\t\t\t\t<div class=\"headline-wrapper\">\n\n  <h1 class=\"headline line1\">\n    <span class=\"orange\">Gr\u00f8n<\/span>\n    <span>omstilling<\/span>\n    <span>i<\/span>\n    <span>medierne.<\/span>\n    <span><\/span>\n  <\/h1>\n\n  <h1 class=\"headline line2\">\n    <span>hvor<\/span>\n    <span>begynder<\/span>\n    <span>din<\/span>\n    <span class=\"orange\">fort\u00e6lling?<\/span>\n    <span><\/span>\n  <\/h1>\n\n<\/div>\t\t\t\t<\/div>\n\t\t\t\t<div class=\"elementor-element elementor-element-b4c7b4e animated-slow elementor-invisible elementor-widget elementor-widget-text-editor\" data-id=\"b4c7b4e\" data-element_type=\"widget\" data-e-type=\"widget\" data-settings=\"{&quot;_animation&quot;:&quot;fadeInUp&quot;,&quot;_animation_delay&quot;:3700}\" data-widget_type=\"text-editor.default\">\n\t\t\t\t\t\t\t\t\t<p>Snart \u00e5bner Greenstorytelling.dk d\u00f8rene til et univers af v\u00e6rkt\u00f8jer, viden og inspiration, der hj\u00e6lper dig med at skabe b\u00e6redygtige mediefort\u00e6llinger, der faktisk kan g\u00f8re en forskel. Skabt til mediepraktikere. Udviklet af medieforskere fra SDU. F\u00f8lg med \u2014 og v\u00e6r med til at forme fremtidens gr\u00f8nne narrativer.<\/p>\t\t\t\t\t\t\t\t<\/div>\n\t\t\t\t<div class=\"elementor-element elementor-element-f463545 elementor-align-right animated-slow elementor-invisible elementor-widget elementor-widget-button\" data-id=\"f463545\" data-element_type=\"widget\" data-e-type=\"widget\" data-settings=\"{&quot;_animation&quot;:&quot;fadeInUp&quot;,&quot;_animation_delay&quot;:3900}\" data-widget_type=\"button.default\">\n\t\t\t\t\t\t\t\t\t\t<a class=\"elementor-button elementor-button-link elementor-size-sm\" href=\"mailto:Heidij@sdu.dk\">\n\t\t\t\t\t\t<span class=\"elementor-button-content-wrapper\">\n\t\t\t\t\t\t\t\t\t<span class=\"elementor-button-text\">Vil du vide mere?<\/span>\n\t\t\t\t\t<\/span>\n\t\t\t\t\t<\/a>\n\t\t\t\t\t\t\t\t<\/div>\n\t\t\t\t<div class=\"elementor-element elementor-element-f30b855 elementor-widget elementor-widget-spacer\" data-id=\"f30b855\" data-element_type=\"widget\" data-e-type=\"widget\" data-widget_type=\"spacer.default\">\n\t\t\t\t\t\t\t<div class=\"elementor-spacer\">\n\t\t\t<div class=\"elementor-spacer-inner\"><\/div>\n\t\t<\/div>\n\t\t\t\t\t\t<\/div>\n\t\t\t\t<\/div>\n\t\t<div class=\"elementor-element elementor-element-996057d e-con-full animated-slow e-flex elementor-invisible e-con e-parent\" data-id=\"996057d\" data-element_type=\"container\" data-e-type=\"container\" data-settings=\"{&quot;shape_divider_bottom&quot;:&quot;triangle-asymmetrical&quot;,&quot;animation&quot;:&quot;fadeIn&quot;,&quot;animation_delay&quot;:800}\">\n\t\t\t\t<div class=\"elementor-shape elementor-shape-bottom\" aria-hidden=\"true\" data-negative=\"false\">\n\t\t\t<svg xmlns=\"http:\/\/www.w3.org\/2000\/svg\" viewBox=\"0 0 1000 100\" preserveAspectRatio=\"none\">\n\t<path class=\"elementor-shape-fill\" d=\"M738,99l262-93V0H0v5.6L738,99z\"\/>\n<\/svg>\t\t<\/div>\n\t\t<div class=\"elementor-element elementor-element-b178fd9 e-con-full e-flex e-con e-child\" data-id=\"b178fd9\" data-element_type=\"container\" data-e-type=\"container\">\n\t\t\t\t<div class=\"elementor-element elementor-element-2c61802 e-transform elementor-invisible elementor-widget elementor-widget-heading\" data-id=\"2c61802\" data-element_type=\"widget\" data-e-type=\"widget\" data-settings=\"{&quot;_animation&quot;:&quot;fadeIn&quot;,&quot;_animation_delay&quot;:400,&quot;_transform_rotateZ_effect&quot;:{&quot;unit&quot;:&quot;px&quot;,&quot;size&quot;:-13,&quot;sizes&quot;:[]},&quot;_transform_rotateZ_effect_tablet&quot;:{&quot;unit&quot;:&quot;deg&quot;,&quot;size&quot;:&quot;&quot;,&quot;sizes&quot;:[]},&quot;_transform_rotateZ_effect_mobile&quot;:{&quot;unit&quot;:&quot;deg&quot;,&quot;size&quot;:&quot;&quot;,&quot;sizes&quot;:[]}}\" data-widget_type=\"heading.default\">\n\t\t\t\t\t<h5 class=\"elementor-heading-title elementor-size-default\"><b>NYHED<\/b><\/h5>\t\t\t\t<\/div>\n\t\t\t\t<div class=\"elementor-element elementor-element-0bf1bc6 animated-slow elementor-invisible elementor-widget elementor-widget-heading\" data-id=\"0bf1bc6\" data-element_type=\"widget\" data-e-type=\"widget\" data-settings=\"{&quot;_animation&quot;:&quot;fadeIn&quot;,&quot;_animation_delay&quot;:600}\" data-widget_type=\"heading.default\">\n\t\t\t\t\t<h2 class=\"elementor-heading-title elementor-size-default\">Media Tech Festival<\/h2>\t\t\t\t<\/div>\n\t\t\t\t<div class=\"elementor-element elementor-element-ed2115e elementor-invisible elementor-widget elementor-widget-text-editor\" data-id=\"ed2115e\" data-element_type=\"widget\" data-e-type=\"widget\" data-settings=\"{&quot;_animation&quot;:&quot;fadeIn&quot;,&quot;_animation_delay&quot;:800}\" data-widget_type=\"text-editor.default\">\n\t\t\t\t\t\t\t\t\t<p style=\"font-weight: 400;\">P\u00e5 Media Tech Festival i Odense den 26. marts blev der afholdt en paneldebat om b\u00e6redygtighed. Carsten Sparwath (TV 2) og Michael Harrit (BBC) deltog sammen med David Binzer (SDU) og mig, Heidi Philipsen (SDU). Hvis du har lyst til at l\u00e6se mit fem minutters opl\u00e6g om b\u00e6redygtige fort\u00e6llinger, finder du det her.<\/p>\t\t\t\t\t\t\t\t<\/div>\n\t\t\t\t<div class=\"elementor-element elementor-element-06c177b elementor-align-left animated-slow elementor-invisible elementor-widget elementor-widget-button\" data-id=\"06c177b\" data-element_type=\"widget\" data-e-type=\"widget\" data-settings=\"{&quot;_animation&quot;:&quot;fadeIn&quot;,&quot;_animation_delay&quot;:1000}\" data-widget_type=\"button.default\">\n\t\t\t\t\t\t\t\t\t\t<a class=\"elementor-button elementor-button-link elementor-size-sm\" href=\"https:\/\/greenstorytelling.dk\/?p=783\">\n\t\t\t\t\t\t<span class=\"elementor-button-content-wrapper\">\n\t\t\t\t\t\t\t\t\t<span class=\"elementor-button-text\">L\u00e6s mere om b\u00e6redygtighedspanelet<\/span>\n\t\t\t\t\t<\/span>\n\t\t\t\t\t<\/a>\n\t\t\t\t\t\t\t\t<\/div>\n\t\t\t\t<\/div>\n\t\t<div class=\"elementor-element elementor-element-9d4c60f e-con-full e-flex e-con e-child\" data-id=\"9d4c60f\" data-element_type=\"container\" data-e-type=\"container\">\n\t\t\t\t<div class=\"elementor-element elementor-element-7b45ca0 animated-slow elementor-invisible elementor-widget elementor-widget-image\" data-id=\"7b45ca0\" data-element_type=\"widget\" data-e-type=\"widget\" data-settings=\"{&quot;_animation&quot;:&quot;fadeIn&quot;,&quot;_animation_delay&quot;:600}\" data-widget_type=\"image.default\">\n\t\t\t\t\t\t\t\t\t\t\t\t\t\t\t<img fetchpriority=\"high\" decoding=\"async\" width=\"1788\" height=\"1023\" src=\"https:\/\/greenstorytelling.dk\/wp-content\/uploads\/2026\/03\/Scriptwriterimg_web.jpg\" class=\"attachment-full size-full wp-image-888\" alt=\"\" srcset=\"https:\/\/greenstorytelling.dk\/wp-content\/uploads\/2026\/03\/Scriptwriterimg_web.jpg 1788w, https:\/\/greenstorytelling.dk\/wp-content\/uploads\/2026\/03\/Scriptwriterimg_web-300x172.jpg 300w, https:\/\/greenstorytelling.dk\/wp-content\/uploads\/2026\/03\/Scriptwriterimg_web-1024x586.jpg 1024w, https:\/\/greenstorytelling.dk\/wp-content\/uploads\/2026\/03\/Scriptwriterimg_web-768x439.jpg 768w, https:\/\/greenstorytelling.dk\/wp-content\/uploads\/2026\/03\/Scriptwriterimg_web-1536x879.jpg 1536w\" sizes=\"(max-width: 1788px) 100vw, 1788px\" \/>\t\t\t\t\t\t\t\t\t\t\t\t\t\t\t<\/div>\n\t\t\t\t<\/div>\n\t\t\t\t<\/div>\n\t\t<div class=\"elementor-element elementor-element-9add8a7 e-flex e-con-boxed e-con e-parent\" data-id=\"9add8a7\" data-element_type=\"container\" data-e-type=\"container\">\n\t\t\t\t\t<div class=\"e-con-inner\">\n\t\t\t\t<div class=\"elementor-element elementor-element-b17a76c elementor-widget elementor-widget-image\" data-id=\"b17a76c\" data-element_type=\"widget\" data-e-type=\"widget\" data-widget_type=\"image.default\">\n\t\t\t\t\t\t\t\t\t\t\t\t\t\t\t<img decoding=\"async\" width=\"539\" height=\"305\" src=\"https:\/\/greenstorytelling.dk\/wp-content\/uploads\/2026\/03\/SDU_DK_1.png\" class=\"attachment-large size-large wp-image-921\" alt=\"\" srcset=\"https:\/\/greenstorytelling.dk\/wp-content\/uploads\/2026\/03\/SDU_DK_1.png 539w, https:\/\/greenstorytelling.dk\/wp-content\/uploads\/2026\/03\/SDU_DK_1-300x170.png 300w\" sizes=\"(max-width: 539px) 100vw, 539px\" \/>\t\t\t\t\t\t\t\t\t\t\t\t\t\t\t<\/div>\n\t\t\t\t\t<\/div>\n\t\t\t\t<\/div>\n\t\t\t\t<\/div>\n\t\t","protected":false},"excerpt":{"rendered":"<p>EN Green Storytelling klar til at udfordre den gamle fort\u00e6lling? Gr\u00f8n omstilling i medierne. hvor begynder din fort\u00e6lling? Snart \u00e5bner Greenstorytelling.dk d\u00f8rene til et univers af v\u00e6rkt\u00f8jer, viden og inspiration, der hj\u00e6lper dig med at skabe b\u00e6redygtige mediefort\u00e6llinger, der faktisk kan g\u00f8re en forskel. Skabt til mediepraktikere. Udviklet af medieforskere fra SDU. F\u00f8lg med \u2014 [&hellip;]<\/p>\n","protected":false},"author":4,"featured_media":0,"parent":109,"menu_order":0,"comment_status":"closed","ping_status":"closed","template":"","meta":{"footnotes":""},"class_list":["post-688","page","type-page","status-publish","hentry"],"_links":{"self":[{"href":"https:\/\/greenstorytelling.dk\/index.php?rest_route=\/wp\/v2\/pages\/688","targetHints":{"allow":["GET"]}}],"collection":[{"href":"https:\/\/greenstorytelling.dk\/index.php?rest_route=\/wp\/v2\/pages"}],"about":[{"href":"https:\/\/greenstorytelling.dk\/index.php?rest_route=\/wp\/v2\/types\/page"}],"author":[{"embeddable":true,"href":"https:\/\/greenstorytelling.dk\/index.php?rest_route=\/wp\/v2\/users\/4"}],"replies":[{"embeddable":true,"href":"https:\/\/greenstorytelling.dk\/index.php?rest_route=%2Fwp%2Fv2%2Fcomments&post=688"}],"version-history":[{"count":22,"href":"https:\/\/greenstorytelling.dk\/index.php?rest_route=\/wp\/v2\/pages\/688\/revisions"}],"predecessor-version":[{"id":1008,"href":"https:\/\/greenstorytelling.dk\/index.php?rest_route=\/wp\/v2\/pages\/688\/revisions\/1008"}],"up":[{"embeddable":true,"href":"https:\/\/greenstorytelling.dk\/index.php?rest_route=\/wp\/v2\/pages\/109"}],"wp:attachment":[{"href":"https:\/\/greenstorytelling.dk\/index.php?rest_route=%2Fwp%2Fv2%2Fmedia&parent=688"}],"curies":[{"name":"wp","href":"https:\/\/api.w.org\/{rel}","templated":true}]}}